{"id":199,"date":"2018-09-11T13:26:22","date_gmt":"2018-09-11T13:26:22","guid":{"rendered":"https:\/\/matchthemes.com\/demowp\/fotonia\/?page_id=199"},"modified":"2026-02-24T17:06:02","modified_gmt":"2026-02-24T17:06:02","slug":"about-me","status":"publish","type":"page","link":"https:\/\/petarart.com\/sr\/about-me\/","title":{"rendered":"O Meni"},"content":{"rendered":"<div data-elementor-type=\"wp-post\" data-elementor-id=\"199\" class=\"elementor elementor-199\">\n\t\t\t\t\t\t<section class=\"elementor-section elementor-top-section elementor-element elementor-element-754b47a elementor-section-content-middle aboutflex elementor-section-boxed elementor-section-height-default elementor-section-height-default\" data-id=\"754b47a\" data-element_type=\"section\" data-e-type=\"section\">\n\t\t\t\t\t\t<div class=\"elementor-container elementor-column-gap-default\">\n\t\t\t\t\t<div class=\"elementor-column elementor-col-50 elementor-top-column elementor-element elementor-element-6496e7d\" data-id=\"6496e7d\" data-element_type=\"column\" data-e-type=\"column\">\n\t\t\t<div class=\"elementor-widget-wrap elementor-element-populated\">\n\t\t\t\t\t\t<div class=\"elementor-element elementor-element-2ebd4b1 elementor-widget elementor-widget-heading\" data-id=\"2ebd4b1\" data-element_type=\"widget\" data-e-type=\"widget\" data-widget_type=\"heading.default\">\n\t\t\t\t\t<h2 class=\"elementor-heading-title elementor-size-default\">Zdravo, Ja sam Petar Radlovi\u0107<\/h2>\t\t\t\t<\/div>\n\t\t\t\t<div class=\"elementor-element elementor-element-c61c27a elementor-widget elementor-widget-text-editor\" data-id=\"c61c27a\" data-element_type=\"widget\" data-e-type=\"widget\" data-widget_type=\"text-editor.default\">\n\t\t\t\t\t\t\t\t\t<p data-start=\"158\" data-end=\"176\"><strong data-start=\"158\" data-end=\"176\">PETAR RADLOVI\u0106<\/strong><\/p><p data-start=\"178\" data-end=\"203\">Ro\u0111en 1973. godine u Beogradu.<\/p><p data-start=\"205\" data-end=\"442\">Diplomirao je na Fakultetu likovnih umetnosti (FLU) u Beogradu 1997. godine. Zvanje magistra umetnosti iz oblasti slikarstva stekao je na istom fakultetu (FLU) 2002. godine. Doktorirao je na Fakultetu za umetnost i dizajn u Beogradu 2013. god.<\/p><p data-start=\"444\" data-end=\"624\">Priredio je 16 samostalnih izlo\u017ebi i u\u010destvovao na vi\u0161e od 50 grupnih izlo\u017ebi u Srbiji i inostranstvu. U\u010destvovao je u brojnim nacionalnim i me\u0111unarodnim umetni\u010dkim kolonijama.<\/p><p data-start=\"626\" data-end=\"860\">Dobitnik  je posebnog priznanja \"Pohvala\" na ULUS-ovoj \u201eJesenjoj izlo\u017ebi\u201c 2013. godine; Nagrade FLU  za autoportret u mozaiku 1996. godine. Obrazovni program RTS-a snimio je emisiju. <em data-start=\"817\" data-end=\"859\">Ars Praktika: \u201ePetar Radlovi\u0107 \u2013 Slikar\u201c 2012. godine.<\/em>.<\/p><p data-start=\"862\" data-end=\"985\">U okviru svog profesionalnog razvoja, boravio je u Cit\u00e9 Internationale des Arts u Parizu 2003. godine.<\/p><p data-start=\"987\" data-end=\"1142\">\u010clan je Udru\u017eenja likovnih umetnika Srbije (ULUS) od 1999. godine. \u017divi i radi u Beogradu kao profesor na Akademiji strukovnih studija Politehnika.<\/p><hr data-start=\"1144\" data-end=\"1147\" \/><h4 data-start=\"1149\" data-end=\"1173\">Samostalne izlo\u017ebe<\/h4><p>2016 \u2014 <em data-start=\"1182\" data-end=\"1200\">Pera i Pera<\/em>, Likovni salon Doma kulture, \u010ca\u010dak<br \/>2015 \u2014 <em data-start=\"1254\" data-end=\"1278\">Nali\u010dja stvarnosti,<\/em>Galerija ULUS, Beograd<br \/>2014 \u2014 <em data-start=\"1312\" data-end=\"1324\">Ne\u017enost<\/em>, Kulturni centar \u2013 Ku\u0107a Vojnovi\u0107a, In\u0111ija<br data-start=\"1366\" data-end=\"1369\" \/>2014 \u2014 <em data-start=\"1376\" data-end=\"1396\">Prostor za razmi\u0161ljanje<\/em>, Galerija Terra, Kikinda<br data-start=\"1420\" data-end=\"1423\" \/>2014 \u2014 <em data-start=\"1430\" data-end=\"1445\">No\u0107 i Dan<\/em>, Galerija kulturnog centra, Para\u0107in<br data-start=\"1479\" data-end=\"1482\" \/>2014 \u2014 <em data-start=\"1489\" data-end=\"1498\">Tajne<\/em>, Zavi\u010dajni muzej Zamak kulture, Vrnja\u010dka Banja<br data-start=\"1548\" data-end=\"1551\" \/>2014 \u2014 <em data-start=\"1558\" data-end=\"1566\">Laviri<\/em>, Galerija Kulturnog centra \u201eSveti Stefan, d.s.\u201c, Despotovac<br data-start=\"1624\" data-end=\"1627\" \/>2014 \u2014 <em data-start=\"1634\" data-end=\"1653\">Detalji iz \u017eivota<\/em>, Istorijski arhiv, Pan\u010devo<br data-start=\"1682\" data-end=\"1685\" \/>2014 \u2014 <em data-start=\"1692\" data-end=\"1712\">Zapisi iz Pariza<\/em>, Galerija Kulturni centar, Zrenjanin<br data-start=\"1748\" data-end=\"1751\" \/>2014 \u2014 <em data-start=\"1758\" data-end=\"1777\">Ni\u0458anse stvarnosti<\/em>, Galerija Kulturnog centra \u201eLaza Kosti\u0107\u201c, Sombor<br data-start=\"1822\" data-end=\"1825\" \/>2014 \u2014 <em data-start=\"1832\" data-end=\"1850\">\u010cuvar Vremena<\/em>, Centar za kulturu, Mladenovac<br data-start=\"1882\" data-end=\"1885\" \/>2013 \u2014 <em data-start=\"1892\" data-end=\"1904\">Ma\u010dke i \u2026<\/em>, Galerija Artcentar, Beograd<br data-start=\"1933\" data-end=\"1936\" \/>2012 \u2014 <em data-start=\"1943\" data-end=\"1963\">Predstavljeno i stvarno<\/em> (projekat doktorske umetni\u010dke teze), Galerija SULUJ, Beograd<br data-start=\"2014\" data-end=\"2017\" \/>2010 \u2014 <em data-start=\"2024\" data-end=\"2034\">Slike<\/em>, Galerija Kulturnog Centra, Kraljevo<br data-start=\"2069\" data-end=\"2072\" \/>2009 \u2014 <em data-start=\"2079\" data-end=\"2085\">Vreme<\/em>, Galerija Mar\u017eik, Kraljevo<br data-start=\"2111\" data-end=\"2114\" \/>2002 \u2014 <em data-start=\"2121\" data-end=\"2145\">Intimna Metamorfoza, Magistarska izlo\u017eba<\/em>, Galerija FLU, Beograd<\/p>\t\t\t\t\t\t\t\t<\/div>\n\t\t\t\t\t<\/div>\n\t\t<\/div>\n\t\t\t\t<div class=\"elementor-column elementor-col-50 elementor-top-column elementor-element elementor-element-48fd692\" data-id=\"48fd692\" data-element_type=\"column\" data-e-type=\"column\">\n\t\t\t<div class=\"elementor-widget-wrap elementor-element-populated\">\n\t\t\t\t\t\t<div class=\"elementor-element elementor-element-8be6c7b elementor-widget elementor-widget-image\" data-id=\"8be6c7b\" data-element_type=\"widget\" data-e-type=\"widget\" data-widget_type=\"image.default\">\n\t\t\t\t\t\t\t\t\t\t\t\t\t\t\t<img fetchpriority=\"high\" decoding=\"async\" width=\"600\" height=\"906\" src=\"https:\/\/petarart.com\/wp-content\/uploads\/2026\/01\/autop.webp\" class=\"attachment-full size-full wp-image-1150\" alt=\"\" srcset=\"https:\/\/petarart.com\/wp-content\/uploads\/2026\/01\/autop.webp 600w, https:\/\/petarart.com\/wp-content\/uploads\/2026\/01\/autop-199x300.webp 199w\" sizes=\"(max-width: 600px) 100vw, 600px\" \/>\t\t\t\t\t\t\t\t\t\t\t\t\t\t\t<\/div>\n\t\t\t\t\t<\/div>\n\t\t<\/div>\n\t\t\t\t\t<\/div>\n\t\t<\/section>\n\t\t<div class=\"elementor-element elementor-element-eabf85a e-flex e-con-boxed e-con e-parent\" data-id=\"eabf85a\" data-element_type=\"container\" data-e-type=\"container\">\n\t\t\t\t\t<div class=\"e-con-inner\">\n\t\t<div class=\"elementor-element elementor-element-4609ed6 e-con-full e-flex e-con e-child\" data-id=\"4609ed6\" data-element_type=\"container\" data-e-type=\"container\">\n\t\t\t\t<div class=\"elementor-element elementor-element-4096b59 elementor-widget elementor-widget-heading\" data-id=\"4096b59\" data-element_type=\"widget\" data-e-type=\"widget\" data-widget_type=\"heading.default\">\n\t\t\t\t\t<h3 class=\"elementor-heading-title elementor-size-default\"><a href=\"http:\/\/petarart.com\/sr\/category\/exhibitions\/\">Izlo\u017ebe <\/a><\/h3>\t\t\t\t<\/div>\n\t\t\t\t<\/div>\n\t\t<div class=\"elementor-element elementor-element-71e8ec5 e-con-full e-flex e-con e-child\" data-id=\"71e8ec5\" data-element_type=\"container\" data-e-type=\"container\">\n\t\t\t\t<div class=\"elementor-element elementor-element-cc84b7c elementor-widget elementor-widget-heading\" data-id=\"cc84b7c\" data-element_type=\"widget\" data-e-type=\"widget\" data-widget_type=\"heading.default\">\n\t\t\t\t\t<h3 class=\"elementor-heading-title elementor-size-default\"><a href=\"http:\/\/petarart.com\/sr\/portfolio\/\">Radovi\n <\/a><\/h3>\t\t\t\t<\/div>\n\t\t\t\t<\/div>\n\t\t<div class=\"elementor-element elementor-element-0e2cce7 e-con-full e-flex e-con e-child\" data-id=\"0e2cce7\" data-element_type=\"container\" data-e-type=\"container\">\n\t\t\t\t<div class=\"elementor-element elementor-element-1df775e elementor-widget elementor-widget-heading\" data-id=\"1df775e\" data-element_type=\"widget\" data-e-type=\"widget\" data-widget_type=\"heading.default\">\n\t\t\t\t\t<h4 class=\"elementor-heading-title elementor-size-default\"><a href=\"http:\/\/petarart.com\/sr\/contact-3\/\">Kontakt\n <\/a><\/h4>\t\t\t\t<\/div>\n\t\t\t\t<\/div>\n\t\t\t\t\t<\/div>\n\t\t\t\t<\/div>\n\t\t\t\t<\/div>","protected":false},"excerpt":{"rendered":"<p>Hi, I&#8217;m Petar Radlovi\u0107 PETAR RADLOVI\u0106 Born in 1973 in Belgrade. He graduated from the Faculty of Fine Arts (FLU) in Belgrade in 1997. He obtained the title of Master of Arts in Painting at the same faculty in 2002, and earned his Doctorate of Arts at the Faculty of&#8230;<\/p>","protected":false},"author":1,"featured_media":0,"parent":0,"menu_order":0,"comment_status":"closed","ping_status":"closed","template":"my-templates\/template-fullscreen.php","meta":{"_acf_changed":false,"footnotes":""},"class_list":["post-199","page","type-page","status-publish","hentry"],"acf":[],"_links":{"self":[{"href":"https:\/\/petarart.com\/sr\/wp-json\/wp\/v2\/pages\/199","targetHints":{"allow":["GET"]}}],"collection":[{"href":"https:\/\/petarart.com\/sr\/wp-json\/wp\/v2\/pages"}],"about":[{"href":"https:\/\/petarart.com\/sr\/wp-json\/wp\/v2\/types\/page"}],"author":[{"embeddable":true,"href":"https:\/\/petarart.com\/sr\/wp-json\/wp\/v2\/users\/1"}],"replies":[{"embeddable":true,"href":"https:\/\/petarart.com\/sr\/wp-json\/wp\/v2\/comments?post=199"}],"version-history":[{"count":47,"href":"https:\/\/petarart.com\/sr\/wp-json\/wp\/v2\/pages\/199\/revisions"}],"predecessor-version":[{"id":1645,"href":"https:\/\/petarart.com\/sr\/wp-json\/wp\/v2\/pages\/199\/revisions\/1645"}],"wp:attachment":[{"href":"https:\/\/petarart.com\/sr\/wp-json\/wp\/v2\/media?parent=199"}],"curies":[{"name":"wp","href":"https:\/\/api.w.org\/{rel}","templated":true}]}}